{"id":2,"date":"2023-02-13T09:54:00","date_gmt":"2023-02-13T09:54:00","guid":{"rendered":"https:\/\/ecole-maternelle.de\/?page_id=2"},"modified":"2025-09-26T07:17:56","modified_gmt":"2025-09-26T07:17:56","slug":"willkommen-und-bienvenus-bei-den-lutins","status":"publish","type":"page","link":"https:\/\/ecole-maternelle.de\/","title":{"rendered":"Willkommen und Bienvenus\u00a0bei den Lutins!"},"content":{"rendered":"<div class=\"wp-block-image\">\n<figure class=\"aligncenter size-large is-resized\"><img loading=\"lazy\" decoding=\"async\" width=\"1024\" height=\"918\" src=\"https:\/\/ecole-maternelle.de\/wp-content\/uploads\/2022\/02\/les_lutins_Logo-3-1024x918.jpg\" alt=\"\" class=\"wp-image-123\" style=\"width:310px;height:278px\" srcset=\"https:\/\/ecole-maternelle.de\/wp-content\/uploads\/2022\/02\/les_lutins_Logo-3-1024x918.jpg 1024w, https:\/\/ecole-maternelle.de\/wp-content\/uploads\/2022\/02\/les_lutins_Logo-3-300x269.jpg 300w, https:\/\/ecole-maternelle.de\/wp-content\/uploads\/2022\/02\/les_lutins_Logo-3-768x688.jpg 768w, https:\/\/ecole-maternelle.de\/wp-content\/uploads\/2022\/02\/les_lutins_Logo-3-1536x1376.jpg 1536w, https:\/\/ecole-maternelle.de\/wp-content\/uploads\/2022\/02\/les_lutins_Logo-3.jpg 1800w\" sizes=\"auto, (max-width: 1024px) 100vw, 1024px\" \/><\/figure>\n<\/div>\n\n\n<p class=\"has-medium-font-size\">Wir sind eine kleine, famili\u00e4re Kita, in der die Kinder auf spielerische Weise \u2013 im sogenannten \u201eSprachbad\u201c \u2013 die franz\u00f6sische Sprache erlernen k\u00f6nnen. F\u00fcr unsere lutins &#8211; also unsere Wichtel &#8211; gibt es kreative Ateliers, viele Ausfl\u00fcge in die Natur, musikalische sowie sportliche Angebote&nbsp;in kleinen Gruppen und sehr individuell.<\/p>\n\n\n\n<p class=\"has-medium-font-size\">Wir sind au\u00dferdem die kleinste Kita in Jena \u2013 \u00a0bis zu 24 Kinder werden in unseren R\u00e4umen und dem Klettergarten von unserem p\u00e4dagogischen Team unter Leitung von Anja Wegener betreut. Es gibt uns seit \u00fcber 20 Jahren &#8211; und sie finden uns im von-Hase-Weg 36 in Jena. Zum Kennenlernen ist ein Besuch jederzeit m\u00f6glich, bitte fragen Sie unter\u00a0<a href=\"mailto:info@ecole.maternelle.de\" target=\"_blank\" rel=\"noreferrer noopener\">info@ecole-maternelle.de<\/a>\u00a0an.<\/p>\n\n\n\n<p class=\"has-medium-font-size\">Die Sprachkompetenz, die die Kinder bei uns erwerben, kann in der bilingualen Grundschule Dualingo und auch im Angergymnasium ausgebaut werden \u2013 bis hin zum deutsch-franz\u00f6sischen Abitur.<\/p>\n\n\n\n<p class=\"has-medium-font-size\">Wir laden Sie herzlich ein, unsere Einrichtung, den Alltag und unser Konzept n\u00e4her kennenzulernen.<\/p>\n\n\n\n<hr class=\"wp-block-separator has-alpha-channel-opacity\"\/>\n\n\n\n<p class=\"has-medium-font-size\">Chers visiteurs,<\/p>\n\n\n\n<p class=\"has-medium-font-size\">L\u2019\u00e9cole maternelle est une garderie \u00e0 I\u00e9na et une possibilit\u00e9 pour les enfants, d\u2019apprendre la langue fran\u00e7aise en mani\u00e8re ludique et par l\u2019immersion linguistique.<\/p>\n\n\n\n<p class=\"has-medium-font-size\">Nous sommes la premi\u00e8re garderie franco-allemande en Thuringe et nos portes sont ouvertes depuis le 1<sup>er<\/sup> septembre 2004 dans le Von-Hase-Weg 36. En plus, l\u2019Ecole maternelle est l\u2019\u00e9tablissement le plus petit \u00e0 I\u00e9na \u2013 l\u2019\u00e9quipe p\u00e9dagogique sous la direction de Anja Wegener s\u2019occupe d\u2019un maximum de 24 enfants dans notre spatialit\u00e9 et le jardin.<\/p>\n\n\n\n<p class=\"has-medium-font-size\">La comp\u00e9tence linguistique gagn\u00e9e par les enfants peut \u00eatre intensifi\u00e9e dans l\u2019\u00e9cole primaire bilingue \u00ab&nbsp;Dualingo&nbsp;\u00bb et au lyc\u00e9e Anger avec la possibilit\u00e9 d\u2019un Baccalaur\u00e9at franco-allemand.<\/p>\n\n\n\n<div style=\"height:20px\" aria-hidden=\"true\" class=\"wp-block-spacer\"><\/div>\n","protected":false},"excerpt":{"rendered":"<div class=\"entry-summary\">\nWir sind eine kleine, famili\u00e4re Kita, in der die Kinder auf spielerische&hellip;\n<\/div>\n<div class=\"link-more\"><a href=\"https:\/\/ecole-maternelle.de\/\" class=\"more-link\">Continue reading<span class=\"screen-reader-text\"> &ldquo;Willkommen und Bienvenus\u00a0bei den Lutins!&rdquo;<\/span>&hellip;<\/a><\/div>\n","protected":false},"author":1,"featured_media":0,"parent":0,"menu_order":0,"comment_status":"closed","ping_status":"closed","template":"","meta":{"footnotes":""},"class_list":["post-2","page","type-page","status-publish","hentry","entry"],"yoast_head":"<!-- This site is optimized with the Yoast SEO plugin v21.5 - https:\/\/yoast.com\/wordpress\/plugins\/seo\/ -->\n<title>Willkommen und Bienvenus\u00a0bei den Lutins! - Kita &quot;LES LUTINS\u201c - Ecole maternelle in Jena<\/title>\n<meta name=\"description\" content=\"In der Ecole maternelle erlernen die Kinder im Sprachbad die franz\u00f6sische Sprache ganz spielerisch. Die franz\u00f6sische Kultur wird den Kindern vor allem auch \u00fcber die Festivit\u00e4ten vermittelt.\" \/>\n<meta name=\"robots\" content=\"index, follow, max-snippet:-1, max-image-preview:large, max-video-preview:-1\" \/>\n<link rel=\"canonical\" href=\"https:\/\/ecole-maternelle.de\/\" \/>\n<meta property=\"og:locale\" content=\"de_DE\" \/>\n<meta property=\"og:type\" content=\"article\" \/>\n<meta property=\"og:title\" content=\"Willkommen und Bienvenus\u00a0bei den Lutins! - Kita &quot;LES LUTINS\u201c - Ecole maternelle in Jena\" \/>\n<meta property=\"og:description\" content=\"In der Ecole maternelle erlernen die Kinder im Sprachbad die franz\u00f6sische Sprache ganz spielerisch. Die franz\u00f6sische Kultur wird den Kindern vor allem auch \u00fcber die Festivit\u00e4ten vermittelt.\" \/>\n<meta property=\"og:url\" content=\"https:\/\/ecole-maternelle.de\/\" \/>\n<meta property=\"og:site_name\" content=\"Kita &quot;LES LUTINS\u201c - Ecole maternelle in Jena\" \/>\n<meta property=\"article:modified_time\" content=\"2025-09-26T07:17:56+00:00\" \/>\n<meta property=\"og:image\" content=\"https:\/\/ecole-maternelle.de\/wp-content\/uploads\/2022\/02\/les_lutins_Logo-3-1024x918.jpg\" \/>\n<meta name=\"twitter:card\" content=\"summary_large_image\" \/>\n<meta name=\"twitter:label1\" content=\"Gesch\u00e4tzte Lesezeit\" \/>\n\t<meta name=\"twitter:data1\" content=\"2\u00a0Minuten\" \/>\n<script type=\"application\/ld+json\" class=\"yoast-schema-graph\">{\"@context\":\"https:\/\/schema.org\",\"@graph\":[{\"@type\":\"Article\",\"@id\":\"https:\/\/ecole-maternelle.de\/#article\",\"isPartOf\":{\"@id\":\"https:\/\/ecole-maternelle.de\/\"},\"author\":{\"name\":\"admin\",\"@id\":\"https:\/\/ecole-maternelle.de\/#\/schema\/person\/51bea563f76e4692ced823a738a1d0d4\"},\"headline\":\"Willkommen und Bienvenus\u00a0bei den Lutins!\",\"datePublished\":\"2023-02-13T09:54:00+00:00\",\"dateModified\":\"2025-09-26T07:17:56+00:00\",\"mainEntityOfPage\":{\"@id\":\"https:\/\/ecole-maternelle.de\/\"},\"wordCount\":285,\"publisher\":{\"@id\":\"https:\/\/ecole-maternelle.de\/#organization\"},\"inLanguage\":\"de\"},{\"@type\":[\"WebPage\",\"ProfilePage\"],\"@id\":\"https:\/\/ecole-maternelle.de\/\",\"url\":\"https:\/\/ecole-maternelle.de\/\",\"name\":\"Willkommen und Bienvenus\u00a0bei den Lutins! - Kita &quot;LES LUTINS\u201c - Ecole maternelle in Jena\",\"isPartOf\":{\"@id\":\"https:\/\/ecole-maternelle.de\/#website\"},\"datePublished\":\"2023-02-13T09:54:00+00:00\",\"dateModified\":\"2025-09-26T07:17:56+00:00\",\"description\":\"In der Ecole maternelle erlernen die Kinder im Sprachbad die franz\u00f6sische Sprache ganz spielerisch. Die franz\u00f6sische Kultur wird den Kindern vor allem auch \u00fcber die Festivit\u00e4ten vermittelt.\",\"breadcrumb\":{\"@id\":\"https:\/\/ecole-maternelle.de\/#breadcrumb\"},\"inLanguage\":\"de\",\"potentialAction\":[{\"@type\":\"ReadAction\",\"target\":[\"https:\/\/ecole-maternelle.de\/\"]}]},{\"@type\":\"BreadcrumbList\",\"@id\":\"https:\/\/ecole-maternelle.de\/#breadcrumb\",\"itemListElement\":[{\"@type\":\"ListItem\",\"position\":1,\"name\":\"Startseite\",\"item\":\"https:\/\/ecole-maternelle.de\/\"},{\"@type\":\"ListItem\",\"position\":2,\"name\":\"Willkommen und Bienvenus\u00a0bei den Lutins!\"}]},{\"@type\":\"WebSite\",\"@id\":\"https:\/\/ecole-maternelle.de\/#website\",\"url\":\"https:\/\/ecole-maternelle.de\/\",\"name\":\"Kita &quot;LES LUTINS\u201c - Ecole maternelle in Jena\",\"description\":\"Kita &quot;LES LUTINS\u201c - Ecole maternelle in Jena\",\"publisher\":{\"@id\":\"https:\/\/ecole-maternelle.de\/#organization\"},\"potentialAction\":[{\"@type\":\"SearchAction\",\"target\":{\"@type\":\"EntryPoint\",\"urlTemplate\":\"https:\/\/ecole-maternelle.de\/?s={search_term_string}\"},\"query-input\":\"required name=search_term_string\"}],\"inLanguage\":\"de\"},{\"@type\":\"Organization\",\"@id\":\"https:\/\/ecole-maternelle.de\/#organization\",\"name\":\"Kita &quot;LES LUTINS\u201c - Ecole maternelle in Jena\",\"url\":\"https:\/\/ecole-maternelle.de\/\",\"logo\":{\"@type\":\"ImageObject\",\"inLanguage\":\"de\",\"@id\":\"https:\/\/ecole-maternelle.de\/#\/schema\/logo\/image\/\",\"url\":\"https:\/\/ecole-maternelle.de\/wp-content\/uploads\/2022\/02\/cropped-les_lutins_Logo-3.jpg\",\"contentUrl\":\"https:\/\/ecole-maternelle.de\/wp-content\/uploads\/2022\/02\/cropped-les_lutins_Logo-3.jpg\",\"width\":1712,\"height\":1549,\"caption\":\"Kita &quot;LES LUTINS\u201c - Ecole maternelle in Jena\"},\"image\":{\"@id\":\"https:\/\/ecole-maternelle.de\/#\/schema\/logo\/image\/\"}},{\"@type\":\"Person\",\"@id\":\"https:\/\/ecole-maternelle.de\/#\/schema\/person\/51bea563f76e4692ced823a738a1d0d4\",\"name\":\"admin\",\"image\":{\"@type\":\"ImageObject\",\"inLanguage\":\"de\",\"@id\":\"https:\/\/ecole-maternelle.de\/#\/schema\/person\/image\/\",\"url\":\"https:\/\/secure.gravatar.com\/avatar\/c27c7b2a93f9f39573a036bfdef57911b48580ba16acd65fe0c102662a717a6d?s=96&d=mm&r=g\",\"contentUrl\":\"https:\/\/secure.gravatar.com\/avatar\/c27c7b2a93f9f39573a036bfdef57911b48580ba16acd65fe0c102662a717a6d?s=96&d=mm&r=g\",\"caption\":\"admin\"},\"sameAs\":[\"https:\/\/ecole-maternelle.de\"],\"url\":\"https:\/\/ecole-maternelle.de\/index.php\/author\/info_lz69gz74\/\"}]}<\/script>\n<!-- \/ Yoast SEO plugin. -->","yoast_head_json":{"title":"Willkommen und Bienvenus\u00a0bei den Lutins! - Kita &quot;LES LUTINS\u201c - Ecole maternelle in Jena","description":"In der Ecole maternelle erlernen die Kinder im Sprachbad die franz\u00f6sische Sprache ganz spielerisch. Die franz\u00f6sische Kultur wird den Kindern vor allem auch \u00fcber die Festivit\u00e4ten vermittelt.","robots":{"index":"index","follow":"follow","max-snippet":"max-snippet:-1","max-image-preview":"max-image-preview:large","max-video-preview":"max-video-preview:-1"},"canonical":"https:\/\/ecole-maternelle.de\/","og_locale":"de_DE","og_type":"article","og_title":"Willkommen und Bienvenus\u00a0bei den Lutins! - Kita &quot;LES LUTINS\u201c - Ecole maternelle in Jena","og_description":"In der Ecole maternelle erlernen die Kinder im Sprachbad die franz\u00f6sische Sprache ganz spielerisch. Die franz\u00f6sische Kultur wird den Kindern vor allem auch \u00fcber die Festivit\u00e4ten vermittelt.","og_url":"https:\/\/ecole-maternelle.de\/","og_site_name":"Kita &quot;LES LUTINS\u201c - Ecole maternelle in Jena","article_modified_time":"2025-09-26T07:17:56+00:00","og_image":[{"url":"https:\/\/ecole-maternelle.de\/wp-content\/uploads\/2022\/02\/les_lutins_Logo-3-1024x918.jpg"}],"twitter_card":"summary_large_image","twitter_misc":{"Gesch\u00e4tzte Lesezeit":"2\u00a0Minuten"},"schema":{"@context":"https:\/\/schema.org","@graph":[{"@type":"Article","@id":"https:\/\/ecole-maternelle.de\/#article","isPartOf":{"@id":"https:\/\/ecole-maternelle.de\/"},"author":{"name":"admin","@id":"https:\/\/ecole-maternelle.de\/#\/schema\/person\/51bea563f76e4692ced823a738a1d0d4"},"headline":"Willkommen und Bienvenus\u00a0bei den Lutins!","datePublished":"2023-02-13T09:54:00+00:00","dateModified":"2025-09-26T07:17:56+00:00","mainEntityOfPage":{"@id":"https:\/\/ecole-maternelle.de\/"},"wordCount":285,"publisher":{"@id":"https:\/\/ecole-maternelle.de\/#organization"},"inLanguage":"de"},{"@type":["WebPage","ProfilePage"],"@id":"https:\/\/ecole-maternelle.de\/","url":"https:\/\/ecole-maternelle.de\/","name":"Willkommen und Bienvenus\u00a0bei den Lutins! - Kita &quot;LES LUTINS\u201c - Ecole maternelle in Jena","isPartOf":{"@id":"https:\/\/ecole-maternelle.de\/#website"},"datePublished":"2023-02-13T09:54:00+00:00","dateModified":"2025-09-26T07:17:56+00:00","description":"In der Ecole maternelle erlernen die Kinder im Sprachbad die franz\u00f6sische Sprache ganz spielerisch. Die franz\u00f6sische Kultur wird den Kindern vor allem auch \u00fcber die Festivit\u00e4ten vermittelt.","breadcrumb":{"@id":"https:\/\/ecole-maternelle.de\/#breadcrumb"},"inLanguage":"de","potentialAction":[{"@type":"ReadAction","target":["https:\/\/ecole-maternelle.de\/"]}]},{"@type":"BreadcrumbList","@id":"https:\/\/ecole-maternelle.de\/#breadcrumb","itemListElement":[{"@type":"ListItem","position":1,"name":"Startseite","item":"https:\/\/ecole-maternelle.de\/"},{"@type":"ListItem","position":2,"name":"Willkommen und Bienvenus\u00a0bei den Lutins!"}]},{"@type":"WebSite","@id":"https:\/\/ecole-maternelle.de\/#website","url":"https:\/\/ecole-maternelle.de\/","name":"Kita &quot;LES LUTINS\u201c - Ecole maternelle in Jena","description":"Kita &quot;LES LUTINS\u201c - Ecole maternelle in Jena","publisher":{"@id":"https:\/\/ecole-maternelle.de\/#organization"},"potentialAction":[{"@type":"SearchAction","target":{"@type":"EntryPoint","urlTemplate":"https:\/\/ecole-maternelle.de\/?s={search_term_string}"},"query-input":"required name=search_term_string"}],"inLanguage":"de"},{"@type":"Organization","@id":"https:\/\/ecole-maternelle.de\/#organization","name":"Kita &quot;LES LUTINS\u201c - Ecole maternelle in Jena","url":"https:\/\/ecole-maternelle.de\/","logo":{"@type":"ImageObject","inLanguage":"de","@id":"https:\/\/ecole-maternelle.de\/#\/schema\/logo\/image\/","url":"https:\/\/ecole-maternelle.de\/wp-content\/uploads\/2022\/02\/cropped-les_lutins_Logo-3.jpg","contentUrl":"https:\/\/ecole-maternelle.de\/wp-content\/uploads\/2022\/02\/cropped-les_lutins_Logo-3.jpg","width":1712,"height":1549,"caption":"Kita &quot;LES LUTINS\u201c - Ecole maternelle in Jena"},"image":{"@id":"https:\/\/ecole-maternelle.de\/#\/schema\/logo\/image\/"}},{"@type":"Person","@id":"https:\/\/ecole-maternelle.de\/#\/schema\/person\/51bea563f76e4692ced823a738a1d0d4","name":"admin","image":{"@type":"ImageObject","inLanguage":"de","@id":"https:\/\/ecole-maternelle.de\/#\/schema\/person\/image\/","url":"https:\/\/secure.gravatar.com\/avatar\/c27c7b2a93f9f39573a036bfdef57911b48580ba16acd65fe0c102662a717a6d?s=96&d=mm&r=g","contentUrl":"https:\/\/secure.gravatar.com\/avatar\/c27c7b2a93f9f39573a036bfdef57911b48580ba16acd65fe0c102662a717a6d?s=96&d=mm&r=g","caption":"admin"},"sameAs":["https:\/\/ecole-maternelle.de"],"url":"https:\/\/ecole-maternelle.de\/index.php\/author\/info_lz69gz74\/"}]}},"_links":{"self":[{"href":"https:\/\/ecole-maternelle.de\/index.php\/wp-json\/wp\/v2\/pages\/2","targetHints":{"allow":["GET"]}}],"collection":[{"href":"https:\/\/ecole-maternelle.de\/index.php\/wp-json\/wp\/v2\/pages"}],"about":[{"href":"https:\/\/ecole-maternelle.de\/index.php\/wp-json\/wp\/v2\/types\/page"}],"author":[{"embeddable":true,"href":"https:\/\/ecole-maternelle.de\/index.php\/wp-json\/wp\/v2\/users\/1"}],"replies":[{"embeddable":true,"href":"https:\/\/ecole-maternelle.de\/index.php\/wp-json\/wp\/v2\/comments?post=2"}],"version-history":[{"count":27,"href":"https:\/\/ecole-maternelle.de\/index.php\/wp-json\/wp\/v2\/pages\/2\/revisions"}],"predecessor-version":[{"id":645,"href":"https:\/\/ecole-maternelle.de\/index.php\/wp-json\/wp\/v2\/pages\/2\/revisions\/645"}],"wp:attachment":[{"href":"https:\/\/ecole-maternelle.de\/index.php\/wp-json\/wp\/v2\/media?parent=2"}],"curies":[{"name":"wp","href":"https:\/\/api.w.org\/{rel}","templated":true}]}}