{"id":23,"date":"2022-02-13T10:50:38","date_gmt":"2022-02-13T10:50:38","guid":{"rendered":"https:\/\/ecole-maternelle.de\/?page_id=23"},"modified":"2023-11-09T10:03:52","modified_gmt":"2023-11-09T10:03:52","slug":"nach-der-kita-geht-es-weiter","status":"publish","type":"page","link":"https:\/\/ecole-maternelle.de\/index.php\/nach-der-kita-geht-es-weiter\/","title":{"rendered":"Nach der Kita geht es weiter&#8230;"},"content":{"rendered":"\n<p>Es ist geschafft: Die ersten Abibac-Absolventen\/innen in Jena haben erfogreich ihr Diplom erworben.<\/p>\n\n\n\n<p><strong>Herzlichen Gl\u00fcckwunsch!<\/strong><\/p>\n\n\n\n<p>8 der 11\u00a0Sch\u00fcler\/innen begannen ihre schulische Laufbahn \u00fcbrigens in der Ecole.<\/p>\n\n\n\n<figure class=\"wp-block-image size-full\"><img loading=\"lazy\" decoding=\"async\" width=\"538\" height=\"180\" src=\"https:\/\/ecole-maternelle.de\/wp-content\/uploads\/2022\/02\/Diplombild.jpg\" alt=\"\" class=\"wp-image-24\" srcset=\"https:\/\/ecole-maternelle.de\/wp-content\/uploads\/2022\/02\/Diplombild.jpg 538w, https:\/\/ecole-maternelle.de\/wp-content\/uploads\/2022\/02\/Diplombild-300x100.jpg 300w\" sizes=\"auto, (max-width: 538px) 100vw, 538px\" \/><\/figure>\n\n\n\n<p><a href=\"https:\/\/ecole-maternelle.de\/cms\/content\/images\/debc7d74b4fea22c8dcb04c8d2b6f933.jpg\" target=\"_blank\" rel=\"noreferrer noopener\"><\/a><\/p>\n\n\n\n<p>OTZ vom 23.07.2020<\/p>\n\n\n\n<p>von Jens Henning<\/p>\n\n\n\n<blockquote class=\"wp-block-quote is-layout-flow wp-block-quote-is-layout-flow\">\n<p><strong>&#8222;Mit diesem Diplom heben sich die M\u00e4dchen und Jungen ab von anderen&#8220;<\/strong><\/p>\n<\/blockquote>\n\n\n\n<p>Elf Sch\u00fcler am Angergymnasium mit Doppel-Abi. Jenaer Schule ist seit 2018 eine von drei in Th\u00fcringen, die das deutsch-franz\u00f6sisch Abitur ablegen darf<\/p>\n\n\n\n<p>Elf M\u00e4dchen und Jungen des Jenaer Angergymnasiums haben neben dem deutschen Abi auch das deutsch-franz\u00f6sische Abitur, das Abi-Bac, abgelegt.<\/p>\n\n\n\n<p>\u201cWir sind damit in Th\u00fcringen die dritte Schule neben dem Mann-Gymnasium Erfurt und Humboldt-Gymnasium in Weimar&#8220;, sagte Schulleiter Roland Petersohn. Vor zwei Jahren wurde das Angergymnasium auf der 61. Tagung der Deutsch-Franz\u00f6sischen Expertenkommission in Wiesbaden in den Kreis der Abibac-Schulen in Deutschland aufgenommen.<\/p>\n\n\n\n<p>Die elf Abiturienten, die jetzt ihr dazugeh\u00f6riges Diplom erhielten, starteten 2012. Pro Woche fielen zwei bis drei Stunden zus\u00e4tzlich in franz\u00f6sischer Sprache an. Unterrichtet wurde in Geschichte, Geographie, franz\u00f6sische Literatur und Franz\u00f6sisch. Das Pr\u00fcfungsfach war franz\u00f6sische Literatur. Der Abschluss wird in Frankreich und Deutschland als Hochschulreife vollwertig anerkannt.<\/p>\n\n\n\n<p>Das Gros der elf 11 Sch\u00fcler wechselte vor acht Jahren von der bilingualen Ganztagsschule \u201eDualingo&#8220; in das benachbarte Gymnasium. Drei von ihnen sind Oskar Felsmann, Sophie Abratis und Mathilda Rosenhahn, alle 18 Jahre jung und alle aus Jena.<\/p>\n\n\n\n<p>Oskar wurde in Belgien geboren. Er besuchte sp\u00e4ter in Jena-Nord einen franz\u00f6sischen Kindergarten und dann die Dualingo.&nbsp;Sophie und Mathilda sind famili\u00e4r vorbelastet: Sophies Mutter ist Franz\u00f6sin, Mathildas Vater Franzose<\/p>\n\n\n\n<p>Franz\u00f6sisch-Abitur als Alleinstellungsmerkmal<\/p>\n\n\n\n<blockquote class=\"wp-block-quote is-layout-flow wp-block-quote-is-layout-flow\">\n<p>Schulleiter Petersohn sieht f\u00fcr alle 11 Sch\u00fcler gute Chancen, auch in einheimischen Firmen schnell Fu\u00df zu fassen. \u201c Mit diesem Diplom heben sich die M\u00e4dchen und Jungen schon ab von anderen. Es gibt viele Firmen mit ausl\u00e4ndischen Wissenschaftlern. Da sind junge Menschen mit diesen Sprachkenntnissen gefragt&#8220; , sagte er.<\/p>\n\n\n\n<p>F\u00fcr das Angergymnasium, mit 760 Sch\u00fcler das zahlenm\u00e4\u00dfig gr\u00f6\u00dfte Gymnasium Jena, ist das Franz\u00f6sisch-Abitur ein weiteres Alleinstellungsmerkmal. \u201cWir sind ein allgemeinbildendes Gymnasium mit erweitertem Sprachangebot. Da passt das Diplom sehr gut hinein&#8220;, sagt Petersohn. Genauso kann man es auch auf dem Flyer der Schule nachlesen.<\/p>\n\n\n\n<p>Mike Eckelmann, der Schulleiter der Dualingo, war sehr erfreut \u00fcber die hohe Anzahl an Diplomen. \u201cDas war unser erster Jahrgang, den wir 2012 aus unserer Schule entlassen hatten. Und jetzt, acht Jahre sp\u00e4ter, haben einige davon das Diplom in der Hand. Das macht uns stolz. Ich hoffe und w\u00fcnsche, dass viele der Sch\u00fcler, die jetzt die Grundschule besuchen, einen \u00e4hnlichen Weg einschlagen.\u201c<\/p>\n<\/blockquote>\n","protected":false},"excerpt":{"rendered":"<div class=\"entry-summary\">\nEs ist geschafft: Die ersten Abibac-Absolventen\/innen in Jena haben erfogreich ihr Diplom&hellip;\n<\/div>\n<div class=\"link-more\"><a href=\"https:\/\/ecole-maternelle.de\/index.php\/nach-der-kita-geht-es-weiter\/\" class=\"more-link\">Continue reading<span class=\"screen-reader-text\"> &ldquo;Nach der Kita geht es weiter&#8230;&rdquo;<\/span>&hellip;<\/a><\/div>\n","protected":false},"author":1,"featured_media":0,"parent":0,"menu_order":0,"comment_status":"closed","ping_status":"closed","template":"","meta":{"footnotes":""},"class_list":["post-23","page","type-page","status-publish","hentry","entry"],"yoast_head":"<!-- This site is optimized with the Yoast SEO plugin v21.5 - https:\/\/yoast.com\/wordpress\/plugins\/seo\/ -->\n<title>Nach der Kita geht es weiter... - Kita &quot;LES LUTINS\u201c - Ecole maternelle in Jena<\/title>\n<meta name=\"description\" content=\"Die in der \u00c9cole maternelle erworbenen Franz\u00f6sischkenntnisse k\u00f6nnen in verschiedenen Schulen Jenas ausgebaut werden.\" \/>\n<meta name=\"robots\" content=\"index, follow, max-snippet:-1, max-image-preview:large, max-video-preview:-1\" \/>\n<link rel=\"canonical\" href=\"https:\/\/ecole-maternelle.de\/index.php\/nach-der-kita-geht-es-weiter\/\" \/>\n<meta property=\"og:locale\" content=\"de_DE\" \/>\n<meta property=\"og:type\" content=\"article\" \/>\n<meta property=\"og:title\" content=\"Nach der Kita geht es weiter... - Kita &quot;LES LUTINS\u201c - Ecole maternelle in Jena\" \/>\n<meta property=\"og:description\" content=\"Die in der \u00c9cole maternelle erworbenen Franz\u00f6sischkenntnisse k\u00f6nnen in verschiedenen Schulen Jenas ausgebaut werden.\" \/>\n<meta property=\"og:url\" content=\"https:\/\/ecole-maternelle.de\/index.php\/nach-der-kita-geht-es-weiter\/\" \/>\n<meta property=\"og:site_name\" content=\"Kita &quot;LES LUTINS\u201c - Ecole maternelle in Jena\" \/>\n<meta property=\"article:modified_time\" content=\"2023-11-09T10:03:52+00:00\" \/>\n<meta property=\"og:image\" content=\"https:\/\/ecole-maternelle.de\/wp-content\/uploads\/2022\/02\/Diplombild.jpg\" \/>\n<meta name=\"twitter:card\" content=\"summary_large_image\" \/>\n<meta name=\"twitter:label1\" content=\"Gesch\u00e4tzte Lesezeit\" \/>\n\t<meta name=\"twitter:data1\" content=\"3\u00a0Minuten\" \/>\n<script type=\"application\/ld+json\" class=\"yoast-schema-graph\">{\"@context\":\"https:\/\/schema.org\",\"@graph\":[{\"@type\":\"Article\",\"@id\":\"https:\/\/ecole-maternelle.de\/index.php\/nach-der-kita-geht-es-weiter\/#article\",\"isPartOf\":{\"@id\":\"https:\/\/ecole-maternelle.de\/index.php\/nach-der-kita-geht-es-weiter\/\"},\"author\":{\"name\":\"admin\",\"@id\":\"https:\/\/ecole-maternelle.de\/#\/schema\/person\/51bea563f76e4692ced823a738a1d0d4\"},\"headline\":\"Nach der Kita geht es weiter&#8230;\",\"datePublished\":\"2022-02-13T10:50:38+00:00\",\"dateModified\":\"2023-11-09T10:03:52+00:00\",\"mainEntityOfPage\":{\"@id\":\"https:\/\/ecole-maternelle.de\/index.php\/nach-der-kita-geht-es-weiter\/\"},\"wordCount\":435,\"publisher\":{\"@id\":\"https:\/\/ecole-maternelle.de\/#organization\"},\"inLanguage\":\"de\"},{\"@type\":\"WebPage\",\"@id\":\"https:\/\/ecole-maternelle.de\/index.php\/nach-der-kita-geht-es-weiter\/\",\"url\":\"https:\/\/ecole-maternelle.de\/index.php\/nach-der-kita-geht-es-weiter\/\",\"name\":\"Nach der Kita geht es weiter... - Kita &quot;LES LUTINS\u201c - Ecole maternelle in Jena\",\"isPartOf\":{\"@id\":\"https:\/\/ecole-maternelle.de\/#website\"},\"datePublished\":\"2022-02-13T10:50:38+00:00\",\"dateModified\":\"2023-11-09T10:03:52+00:00\",\"description\":\"Die in der \u00c9cole maternelle erworbenen Franz\u00f6sischkenntnisse k\u00f6nnen in verschiedenen Schulen Jenas ausgebaut werden.\",\"breadcrumb\":{\"@id\":\"https:\/\/ecole-maternelle.de\/index.php\/nach-der-kita-geht-es-weiter\/#breadcrumb\"},\"inLanguage\":\"de\",\"potentialAction\":[{\"@type\":\"ReadAction\",\"target\":[\"https:\/\/ecole-maternelle.de\/index.php\/nach-der-kita-geht-es-weiter\/\"]}]},{\"@type\":\"BreadcrumbList\",\"@id\":\"https:\/\/ecole-maternelle.de\/index.php\/nach-der-kita-geht-es-weiter\/#breadcrumb\",\"itemListElement\":[{\"@type\":\"ListItem\",\"position\":1,\"name\":\"Startseite\",\"item\":\"https:\/\/ecole-maternelle.de\/\"},{\"@type\":\"ListItem\",\"position\":2,\"name\":\"Nach der Kita geht es weiter&#8230;\"}]},{\"@type\":\"WebSite\",\"@id\":\"https:\/\/ecole-maternelle.de\/#website\",\"url\":\"https:\/\/ecole-maternelle.de\/\",\"name\":\"Kita &quot;LES LUTINS\u201c - Ecole maternelle in Jena\",\"description\":\"Kita &quot;LES LUTINS\u201c - Ecole maternelle in Jena\",\"publisher\":{\"@id\":\"https:\/\/ecole-maternelle.de\/#organization\"},\"potentialAction\":[{\"@type\":\"SearchAction\",\"target\":{\"@type\":\"EntryPoint\",\"urlTemplate\":\"https:\/\/ecole-maternelle.de\/?s={search_term_string}\"},\"query-input\":\"required name=search_term_string\"}],\"inLanguage\":\"de\"},{\"@type\":\"Organization\",\"@id\":\"https:\/\/ecole-maternelle.de\/#organization\",\"name\":\"Kita &quot;LES LUTINS\u201c - Ecole maternelle in Jena\",\"url\":\"https:\/\/ecole-maternelle.de\/\",\"logo\":{\"@type\":\"ImageObject\",\"inLanguage\":\"de\",\"@id\":\"https:\/\/ecole-maternelle.de\/#\/schema\/logo\/image\/\",\"url\":\"https:\/\/ecole-maternelle.de\/wp-content\/uploads\/2022\/02\/cropped-les_lutins_Logo-3.jpg\",\"contentUrl\":\"https:\/\/ecole-maternelle.de\/wp-content\/uploads\/2022\/02\/cropped-les_lutins_Logo-3.jpg\",\"width\":1712,\"height\":1549,\"caption\":\"Kita &quot;LES LUTINS\u201c - Ecole maternelle in Jena\"},\"image\":{\"@id\":\"https:\/\/ecole-maternelle.de\/#\/schema\/logo\/image\/\"}},{\"@type\":\"Person\",\"@id\":\"https:\/\/ecole-maternelle.de\/#\/schema\/person\/51bea563f76e4692ced823a738a1d0d4\",\"name\":\"admin\",\"image\":{\"@type\":\"ImageObject\",\"inLanguage\":\"de\",\"@id\":\"https:\/\/ecole-maternelle.de\/#\/schema\/person\/image\/\",\"url\":\"https:\/\/secure.gravatar.com\/avatar\/c27c7b2a93f9f39573a036bfdef57911b48580ba16acd65fe0c102662a717a6d?s=96&d=mm&r=g\",\"contentUrl\":\"https:\/\/secure.gravatar.com\/avatar\/c27c7b2a93f9f39573a036bfdef57911b48580ba16acd65fe0c102662a717a6d?s=96&d=mm&r=g\",\"caption\":\"admin\"},\"sameAs\":[\"https:\/\/ecole-maternelle.de\"],\"url\":\"https:\/\/ecole-maternelle.de\/index.php\/author\/info_lz69gz74\/\"}]}<\/script>\n<!-- \/ Yoast SEO plugin. -->","yoast_head_json":{"title":"Nach der Kita geht es weiter... - Kita &quot;LES LUTINS\u201c - Ecole maternelle in Jena","description":"Die in der \u00c9cole maternelle erworbenen Franz\u00f6sischkenntnisse k\u00f6nnen in verschiedenen Schulen Jenas ausgebaut werden.","robots":{"index":"index","follow":"follow","max-snippet":"max-snippet:-1","max-image-preview":"max-image-preview:large","max-video-preview":"max-video-preview:-1"},"canonical":"https:\/\/ecole-maternelle.de\/index.php\/nach-der-kita-geht-es-weiter\/","og_locale":"de_DE","og_type":"article","og_title":"Nach der Kita geht es weiter... - Kita &quot;LES LUTINS\u201c - Ecole maternelle in Jena","og_description":"Die in der \u00c9cole maternelle erworbenen Franz\u00f6sischkenntnisse k\u00f6nnen in verschiedenen Schulen Jenas ausgebaut werden.","og_url":"https:\/\/ecole-maternelle.de\/index.php\/nach-der-kita-geht-es-weiter\/","og_site_name":"Kita &quot;LES LUTINS\u201c - Ecole maternelle in Jena","article_modified_time":"2023-11-09T10:03:52+00:00","og_image":[{"url":"https:\/\/ecole-maternelle.de\/wp-content\/uploads\/2022\/02\/Diplombild.jpg"}],"twitter_card":"summary_large_image","twitter_misc":{"Gesch\u00e4tzte Lesezeit":"3\u00a0Minuten"},"schema":{"@context":"https:\/\/schema.org","@graph":[{"@type":"Article","@id":"https:\/\/ecole-maternelle.de\/index.php\/nach-der-kita-geht-es-weiter\/#article","isPartOf":{"@id":"https:\/\/ecole-maternelle.de\/index.php\/nach-der-kita-geht-es-weiter\/"},"author":{"name":"admin","@id":"https:\/\/ecole-maternelle.de\/#\/schema\/person\/51bea563f76e4692ced823a738a1d0d4"},"headline":"Nach der Kita geht es weiter&#8230;","datePublished":"2022-02-13T10:50:38+00:00","dateModified":"2023-11-09T10:03:52+00:00","mainEntityOfPage":{"@id":"https:\/\/ecole-maternelle.de\/index.php\/nach-der-kita-geht-es-weiter\/"},"wordCount":435,"publisher":{"@id":"https:\/\/ecole-maternelle.de\/#organization"},"inLanguage":"de"},{"@type":"WebPage","@id":"https:\/\/ecole-maternelle.de\/index.php\/nach-der-kita-geht-es-weiter\/","url":"https:\/\/ecole-maternelle.de\/index.php\/nach-der-kita-geht-es-weiter\/","name":"Nach der Kita geht es weiter... - Kita &quot;LES LUTINS\u201c - Ecole maternelle in Jena","isPartOf":{"@id":"https:\/\/ecole-maternelle.de\/#website"},"datePublished":"2022-02-13T10:50:38+00:00","dateModified":"2023-11-09T10:03:52+00:00","description":"Die in der \u00c9cole maternelle erworbenen Franz\u00f6sischkenntnisse k\u00f6nnen in verschiedenen Schulen Jenas ausgebaut werden.","breadcrumb":{"@id":"https:\/\/ecole-maternelle.de\/index.php\/nach-der-kita-geht-es-weiter\/#breadcrumb"},"inLanguage":"de","potentialAction":[{"@type":"ReadAction","target":["https:\/\/ecole-maternelle.de\/index.php\/nach-der-kita-geht-es-weiter\/"]}]},{"@type":"BreadcrumbList","@id":"https:\/\/ecole-maternelle.de\/index.php\/nach-der-kita-geht-es-weiter\/#breadcrumb","itemListElement":[{"@type":"ListItem","position":1,"name":"Startseite","item":"https:\/\/ecole-maternelle.de\/"},{"@type":"ListItem","position":2,"name":"Nach der Kita geht es weiter&#8230;"}]},{"@type":"WebSite","@id":"https:\/\/ecole-maternelle.de\/#website","url":"https:\/\/ecole-maternelle.de\/","name":"Kita &quot;LES LUTINS\u201c - Ecole maternelle in Jena","description":"Kita &quot;LES LUTINS\u201c - Ecole maternelle in Jena","publisher":{"@id":"https:\/\/ecole-maternelle.de\/#organization"},"potentialAction":[{"@type":"SearchAction","target":{"@type":"EntryPoint","urlTemplate":"https:\/\/ecole-maternelle.de\/?s={search_term_string}"},"query-input":"required name=search_term_string"}],"inLanguage":"de"},{"@type":"Organization","@id":"https:\/\/ecole-maternelle.de\/#organization","name":"Kita &quot;LES LUTINS\u201c - Ecole maternelle in Jena","url":"https:\/\/ecole-maternelle.de\/","logo":{"@type":"ImageObject","inLanguage":"de","@id":"https:\/\/ecole-maternelle.de\/#\/schema\/logo\/image\/","url":"https:\/\/ecole-maternelle.de\/wp-content\/uploads\/2022\/02\/cropped-les_lutins_Logo-3.jpg","contentUrl":"https:\/\/ecole-maternelle.de\/wp-content\/uploads\/2022\/02\/cropped-les_lutins_Logo-3.jpg","width":1712,"height":1549,"caption":"Kita &quot;LES LUTINS\u201c - Ecole maternelle in Jena"},"image":{"@id":"https:\/\/ecole-maternelle.de\/#\/schema\/logo\/image\/"}},{"@type":"Person","@id":"https:\/\/ecole-maternelle.de\/#\/schema\/person\/51bea563f76e4692ced823a738a1d0d4","name":"admin","image":{"@type":"ImageObject","inLanguage":"de","@id":"https:\/\/ecole-maternelle.de\/#\/schema\/person\/image\/","url":"https:\/\/secure.gravatar.com\/avatar\/c27c7b2a93f9f39573a036bfdef57911b48580ba16acd65fe0c102662a717a6d?s=96&d=mm&r=g","contentUrl":"https:\/\/secure.gravatar.com\/avatar\/c27c7b2a93f9f39573a036bfdef57911b48580ba16acd65fe0c102662a717a6d?s=96&d=mm&r=g","caption":"admin"},"sameAs":["https:\/\/ecole-maternelle.de"],"url":"https:\/\/ecole-maternelle.de\/index.php\/author\/info_lz69gz74\/"}]}},"_links":{"self":[{"href":"https:\/\/ecole-maternelle.de\/index.php\/wp-json\/wp\/v2\/pages\/23","targetHints":{"allow":["GET"]}}],"collection":[{"href":"https:\/\/ecole-maternelle.de\/index.php\/wp-json\/wp\/v2\/pages"}],"about":[{"href":"https:\/\/ecole-maternelle.de\/index.php\/wp-json\/wp\/v2\/types\/page"}],"author":[{"embeddable":true,"href":"https:\/\/ecole-maternelle.de\/index.php\/wp-json\/wp\/v2\/users\/1"}],"replies":[{"embeddable":true,"href":"https:\/\/ecole-maternelle.de\/index.php\/wp-json\/wp\/v2\/comments?post=23"}],"version-history":[{"count":6,"href":"https:\/\/ecole-maternelle.de\/index.php\/wp-json\/wp\/v2\/pages\/23\/revisions"}],"predecessor-version":[{"id":359,"href":"https:\/\/ecole-maternelle.de\/index.php\/wp-json\/wp\/v2\/pages\/23\/revisions\/359"}],"wp:attachment":[{"href":"https:\/\/ecole-maternelle.de\/index.php\/wp-json\/wp\/v2\/media?parent=23"}],"curies":[{"name":"wp","href":"https:\/\/api.w.org\/{rel}","templated":true}]}}