{"id":29,"date":"2022-02-13T11:01:23","date_gmt":"2022-02-13T11:01:23","guid":{"rendered":"https:\/\/ecole-maternelle.de\/?page_id=29"},"modified":"2025-09-26T08:27:22","modified_gmt":"2025-09-26T08:27:22","slug":"unser-konzept","status":"publish","type":"page","link":"https:\/\/ecole-maternelle.de\/index.php\/unser-konzept\/","title":{"rendered":"Unser Konzept"},"content":{"rendered":"\n<p>Unser Konzept setzt den Th\u00fcringer Bildungsplan um und integriert dabei auch Inhalte und Konzepte aus der franz\u00f6sischen Vorschule. Die Hauptpunkte sind dabei:<\/p>\n\n\n\n<ul class=\"wp-block-list\">\n<li>Individuelle und gezielte F\u00f6rderung von Denken, Kreativit\u00e4t und k\u00f6rperlicher Entwicklung der Kinder in kleinen Gruppen &#8211; zwanglos und mit viel Spa\u00df<\/li>\n\n\n\n<li>Erwerb einer zweiten Sprache (Franz\u00f6sisch) durch Immersion (Sprachbad) in einem bilingualen Umfeld<\/li>\n<\/ul>\n\n\n\n<p>Die p\u00e4dagogische Umsetzung erfolgt durch unser interkulturelles Team verst\u00e4rkt durch Praktikanten, die mit ihrer Unbefangenheit oft frische Ideen mitbringen. Die Kinder haben bei uns sowohl franz\u00f6sisch- als auch deutschsprachige Bezugspersonen ganz nach dem Prinzip: une personne &#8211; une langue.<\/p>\n\n\n\n<p>Derzeit gibt es drei Gruppen, auf die sich die Kinder nach Alter und F\u00e4higkeiten verteilen: die Marienk\u00e4fer &#8211; <strong>les coccinelles<\/strong> als \u201ekleine\u201c Gruppe, die Spatzen &#8211; <strong>les moineaux<\/strong> und die F\u00fcchse &#8211; <strong>les renards<\/strong> als \u201edie Gro\u00dfen\u201c.<\/p>\n\n\n\n<figure class=\"wp-block-gallery has-nested-images columns-default is-cropped wp-block-gallery-1 is-layout-flex wp-block-gallery-is-layout-flex\">\n<figure class=\"wp-block-image size-full\"><img loading=\"lazy\" decoding=\"async\" width=\"480\" height=\"480\" data-id=\"178\" src=\"https:\/\/ecole-maternelle.de\/wp-content\/uploads\/2022\/02\/Marienkaefer1.jpg\" alt=\"\" class=\"wp-image-178\" srcset=\"https:\/\/ecole-maternelle.de\/wp-content\/uploads\/2022\/02\/Marienkaefer1.jpg 480w, https:\/\/ecole-maternelle.de\/wp-content\/uploads\/2022\/02\/Marienkaefer1-300x300.jpg 300w, https:\/\/ecole-maternelle.de\/wp-content\/uploads\/2022\/02\/Marienkaefer1-150x150.jpg 150w\" sizes=\"auto, (max-width: 480px) 100vw, 480px\" \/><\/figure>\n\n\n\n<figure class=\"wp-block-image size-full\"><img loading=\"lazy\" decoding=\"async\" width=\"480\" height=\"480\" data-id=\"180\" src=\"https:\/\/ecole-maternelle.de\/wp-content\/uploads\/2022\/02\/Spatzen.jpeg\" alt=\"\" class=\"wp-image-180\" srcset=\"https:\/\/ecole-maternelle.de\/wp-content\/uploads\/2022\/02\/Spatzen.jpeg 480w, https:\/\/ecole-maternelle.de\/wp-content\/uploads\/2022\/02\/Spatzen-300x300.jpeg 300w, https:\/\/ecole-maternelle.de\/wp-content\/uploads\/2022\/02\/Spatzen-150x150.jpeg 150w\" sizes=\"auto, (max-width: 480px) 100vw, 480px\" \/><\/figure>\n\n\n\n<figure class=\"wp-block-image size-full\"><img loading=\"lazy\" decoding=\"async\" width=\"480\" height=\"480\" data-id=\"181\" src=\"https:\/\/ecole-maternelle.de\/wp-content\/uploads\/2022\/02\/fuechse.jpeg\" alt=\"\" class=\"wp-image-181\" srcset=\"https:\/\/ecole-maternelle.de\/wp-content\/uploads\/2022\/02\/fuechse.jpeg 480w, https:\/\/ecole-maternelle.de\/wp-content\/uploads\/2022\/02\/fuechse-300x300.jpeg 300w, https:\/\/ecole-maternelle.de\/wp-content\/uploads\/2022\/02\/fuechse-150x150.jpeg 150w\" sizes=\"auto, (max-width: 480px) 100vw, 480px\" \/><\/figure>\n<\/figure>\n\n\n\n<h2 class=\"wp-block-heading\">Fremdsprachenerwerb ganz nebenbei<\/h2>\n\n\n\n<p>Zu keinem Zeitpunkt sind Kinder so wissbegierig wie im Alter zwischen 3 und 6 Jahren. In dieser Phase sind sie am besten in der Lage, Informationen und Wissen spielerisch aufzunehmen und umzusetzen. Jedes Jahr, welches sp\u00e4ter mit dem Fremdsprachenlernen begonnen wird, ist in dieser Hinsicht ein verlorenes Jahr. Mehrsprachigkeit ist weltweit der Normalfall, nicht die Ausnahme. Bei der Entwicklung unseres vorschulischen Bildungskonzeptes stehen diese Tatsachen im Mittelpunkt.&nbsp;<\/p>\n\n\n\n<p>Kinder eignen sich die Sprache sozusagen &#8222;nebenbei&#8220; an: z.B. w\u00e4hrend des Singens oder beim Aus\u00fcben immer wiederkehrender T\u00e4tigkeiten, die auf Franz\u00f6sisch kommentiert werden. So werden unsere kreativen und kulturellen Aktivit\u00e4ten in beiden Sprachen betreut. Erfahrungen haben gezeigt, dass der intensive Kontakt mit einer zweiten Sprache ab zwei Jahren ein Sprachverm\u00f6gen erzielt, das von einer echten Bilingualit\u00e4t kaum zu unterscheiden ist. Bereits lange vor der Einschulung werden die Kinder beide Sprachen verstehen k\u00f6nnen und sich auch auf franz\u00f6sisch untereinander verst\u00e4ndigen &#8211; nebenbei gelernt bleibt im Kopf, \u00e4hnlich dem Fahrradfahren.<\/p>\n\n\n\n<h2 class=\"wp-block-heading\" id=\"die-praktische-umsetzung\"><strong>Die praktische Umsetzung unseres Konzepts<\/strong><\/h2>\n\n\n\n<p>Ein altersgem\u00e4\u00dfer Rhythmus aus Konzentrations- und Entspannungsphasen w\u00e4hrend des Tages bietet den Kindern ausreichende Spiel- und auch R\u00fcckzugsm\u00f6glichkeiten. Wir sind stark fokussiert auf die sozial-emotionale Entwicklung der Kinder. Denn wo k\u00f6nnen Kinder besser den Umgang mit ihren Gef\u00fchle und die Kommunikation mit Kindern sowie Erwachsenen \u00fcben als in der Kita?<\/p>\n\n\n\n<p>In der Ecole haben die Kinder Tag f\u00fcr Tag die Gelegenheit ihre Gef\u00fchle zu entdecken und zu lernen, sie auch auszudr\u00fccken. Sie kn\u00fcpfen erste Freundschaften, wobei auch kleine Konflikte dazugeh\u00f6ren. Diese werden zu wertvollen Gelegenheiten, R\u00fccksicht zu nehmen, Verst\u00e4ndnis zu zeigen und gemeinsam L\u00f6sungen zu finden. So wachsen die Kinder behutsam in Empathie und Selbstvertrauen hinein und entwickeln ein starkes Fundament f\u00fcr ihr weiteres Leben.<\/p>\n\n\n\n<p>Wir sind von 7:15 Uhr bis 17:00 Uhr f\u00fcr Ihre Kinder da und bieten eine liebevolle Betreuung von \u00fcber zehn Stunden. Den Tag beginnen wir entspannt: Zwischen 7:45 Uhr und 8:45 Uhr haben die Kinder Zeit, gemeinsam zu fr\u00fchst\u00fccken. Um 10:00 Uhr gibt es ein kleines, von uns selbst zubereitetes, Obstfr\u00fchst\u00fcck, und nach dem Mittagessen st\u00e4rken wir uns am Nachmittag gegen 15:00 Uhr noch einmal mit einer frisch zubereiteten Vesper. Uns ist wichtig, dass die Kinder gesunde Mahlzeiten genie\u00dfen \u2013 deshalb beziehen wir unser Mittagessen von Buffet-ok!, einem Bio-Essensanbieter, der f\u00fcr Frische und Qualit\u00e4t steht.<\/p>\n\n\n\n<p>Unser Tagesablauf ist bunt und lebendig: Ausfl\u00fcge, kleine Projekte und das Spielen in altersgemischten Gruppen bringen Abwechslung in den Alltag. So oft wie m\u00f6glich verbringen wir die Zeit drau\u00dfen \u2013 auf den Terrassen oder beim Entdecken im Klettergarten. Jeden Tag erg\u00e4nzen musikalische und sportliche Angebote das Programm und schenken den Kindern Freude, Bewegung und neue Erfahrungen.<\/p>\n\n\n\n<p><a href=\"https:\/\/ecole-maternelle.de\/cms\/image_zoom.php?show=NmVhOTU5MjkzYWFjYjIwNThlZTdiYWRkYTA5ODk3ZGUuanBnP3dpZHRoPSI1MzgiIGhlaWdodD0iMzU4Ig%3D%3D\"><\/a><\/p>\n\n\n\n<figure class=\"wp-block-gallery has-nested-images columns-default is-cropped wp-block-gallery-2 is-layout-flex wp-block-gallery-is-layout-flex\">\n<figure class=\"wp-block-image size-large\"><img loading=\"lazy\" decoding=\"async\" width=\"1024\" height=\"768\" data-id=\"241\" src=\"https:\/\/ecole-maternelle.de\/wp-content\/uploads\/2023\/01\/Blick-auf-Jentower-1024x768.jpg\" alt=\"\" class=\"wp-image-241\" srcset=\"https:\/\/ecole-maternelle.de\/wp-content\/uploads\/2023\/01\/Blick-auf-Jentower-1024x768.jpg 1024w, https:\/\/ecole-maternelle.de\/wp-content\/uploads\/2023\/01\/Blick-auf-Jentower-300x225.jpg 300w, https:\/\/ecole-maternelle.de\/wp-content\/uploads\/2023\/01\/Blick-auf-Jentower-768x576.jpg 768w, https:\/\/ecole-maternelle.de\/wp-content\/uploads\/2023\/01\/Blick-auf-Jentower-1536x1152.jpg 1536w, https:\/\/ecole-maternelle.de\/wp-content\/uploads\/2023\/01\/Blick-auf-Jentower-2048x1536.jpg 2048w\" sizes=\"auto, (max-width: 1024px) 100vw, 1024px\" \/><\/figure>\n<\/figure>\n\n\n\n<h2 class=\"wp-block-heading\">Sportliche Aktivit\u00e4ten<\/h2>\n\n\n\n<p>F\u00fcr unsere sportlichen Abenteuer nutzen wir gern die sch\u00f6ne Umgebung direkt vor unserer T\u00fcr. Gemeinsam trimmen wir uns auf dem Trimm-dich-Pfad am Landgrafen oder verwandeln Waldwege in spannende Barfu\u00dfpfade. Auch die Jenaer Spiel- und Abenteuerpl\u00e4tze laden uns zum Entdecken und Ausprobieren ein, ebenso wie die Naturlehrpfade, die wir neugierig erwandern. Neben Bewegung an der frischen Luft finden die Kinder bei uns auch Ruhe und Ausgleich \u2013 zum Beispiel beim Yoga. Ein besonderes Highlight f\u00fcr unsere \u201eF\u00fcchse\u201c, die Gro\u00dfen im Vorschuljahr, ist der Besuch der Schwimmhalle: Unter Anleitung einer Schwimmtrainerin \u00fcben sie dort spielerisch Bewegungsabl\u00e4ufe im Wasser und haben sogar die M\u00f6glichkeit, stolz ihr Seepferdchen-Abzeichen zu erlangen.<\/p>\n\n\n\n<h2 class=\"wp-block-heading\">B\u00fccher und Musik<\/h2>\n\n\n\n<p>Das t\u00e4gliche Vorlesen und die regelm\u00e4\u00dfigen Ausfl\u00fcge in die Kinderbibliothek wecken bei den Kindern Freude am Entdecken von Geschichten und B\u00fcchern. Beim w\u00f6chentlichen Musikvormittag tauchen sie in die Welt der Lieder und Instrumente ein. Schon seit vielen Jahren begleitet uns dabei Herr Unbekannt, der mit seiner Begeisterung nicht nur die Kinder mitrei\u00dft, sondern auch unsere Feste zu einem besonderen Erlebnis macht \u2013 bei denen nat\u00fcrlich auch die Eltern herzlich zum Mitmachen eingeladen sind.<\/p>\n\n\n\n<figure class=\"wp-block-image size-large\"><img loading=\"lazy\" decoding=\"async\" width=\"1024\" height=\"769\" src=\"https:\/\/ecole-maternelle.de\/wp-content\/uploads\/2022\/02\/Musikinstrumente-1024x769.jpg\" alt=\"\" class=\"wp-image-170\" srcset=\"https:\/\/ecole-maternelle.de\/wp-content\/uploads\/2022\/02\/Musikinstrumente-1024x769.jpg 1024w, https:\/\/ecole-maternelle.de\/wp-content\/uploads\/2022\/02\/Musikinstrumente-300x225.jpg 300w, https:\/\/ecole-maternelle.de\/wp-content\/uploads\/2022\/02\/Musikinstrumente-768x577.jpg 768w, https:\/\/ecole-maternelle.de\/wp-content\/uploads\/2022\/02\/Musikinstrumente-1536x1153.jpg 1536w, https:\/\/ecole-maternelle.de\/wp-content\/uploads\/2022\/02\/Musikinstrumente-2048x1538.jpg 2048w\" sizes=\"auto, (max-width: 1024px) 100vw, 1024px\" \/><\/figure>\n\n\n\n<h2 class=\"wp-block-heading\">Tage zum Feiern<\/h2>\n\n\n\n<p>Bei uns gibt es das ganze Jahr \u00fcber viele sch\u00f6ne Anl\u00e4sse zum Feiern! Wir lassen uns dabei sowohl vom deutschen als auch vom franz\u00f6sischen Kalender inspirieren. So geh\u00f6ren die <strong>F\u00eate de la Musique<\/strong> am 21. Juni und die traditionelle <strong>Galette des Rois<\/strong> zum Dreik\u00f6nigstag im Januar zu unseren besonderen H\u00f6hepunkten, auf die sich Kinder, Eltern und die Betreuungspersonen gleicherma\u00dfen freuen.<\/p>\n\n\n\n<h2 class=\"wp-block-heading\">Projekte<\/h2>\n\n\n\n<p>Unsere Projekte enden stets mit einem besonderen H\u00f6hepunkt, oft in Form eines spannenden Ausflugs. So besuchen wir zum Beispiel einen Bauernhof, wo die Kinder Tiere sowie Pflanzen kennenlernen. Auf der Leuchtenburg tauchen wir in das Leben im Schloss ein \u2013 Gespenstergeschichten inklusive. Weitere unvergessliche Erlebnisse sind Tagesausfl\u00fcge in den Tierpark, zum Imker, zur EGA oder ein aufregender Tag bei der Feuerwehr.<\/p>\n","protected":false},"excerpt":{"rendered":"<div class=\"entry-summary\">\nUnser Konzept setzt den Th\u00fcringer Bildungsplan um und integriert dabei auch Inhalte&hellip;\n<\/div>\n<div class=\"link-more\"><a href=\"https:\/\/ecole-maternelle.de\/index.php\/unser-konzept\/\" class=\"more-link\">Continue reading<span class=\"screen-reader-text\"> &ldquo;Unser Konzept&rdquo;<\/span>&hellip;<\/a><\/div>\n","protected":false},"author":1,"featured_media":102,"parent":0,"menu_order":0,"comment_status":"closed","ping_status":"closed","template":"","meta":{"footnotes":""},"class_list":["post-29","page","type-page","status-publish","has-post-thumbnail","hentry","entry"],"yoast_head":"<!-- This site is optimized with the Yoast SEO plugin v21.5 - https:\/\/yoast.com\/wordpress\/plugins\/seo\/ -->\n<title>Unser Konzept - Kita &quot;LES LUTINS\u201c - Ecole maternelle in Jena<\/title>\n<meta name=\"description\" content=\"In der Ecole maternelle wird das sogenannte Sprachfenster der Kinder genutzt, um spielerisch Franz\u00f6sisch zu lernen.\" \/>\n<meta name=\"robots\" content=\"index, follow, max-snippet:-1, max-image-preview:large, max-video-preview:-1\" \/>\n<link rel=\"canonical\" href=\"https:\/\/ecole-maternelle.de\/index.php\/unser-konzept\/\" \/>\n<meta property=\"og:locale\" content=\"de_DE\" \/>\n<meta property=\"og:type\" content=\"article\" \/>\n<meta property=\"og:title\" content=\"Unser Konzept - Kita &quot;LES LUTINS\u201c - Ecole maternelle in Jena\" \/>\n<meta property=\"og:description\" content=\"In der Ecole maternelle wird das sogenannte Sprachfenster der Kinder genutzt, um spielerisch Franz\u00f6sisch zu lernen.\" \/>\n<meta property=\"og:url\" content=\"https:\/\/ecole-maternelle.de\/index.php\/unser-konzept\/\" \/>\n<meta property=\"og:site_name\" content=\"Kita &quot;LES LUTINS\u201c - Ecole maternelle in Jena\" \/>\n<meta property=\"article:modified_time\" content=\"2025-09-26T08:27:22+00:00\" \/>\n<meta property=\"og:image\" content=\"https:\/\/ecole-maternelle.de\/wp-content\/uploads\/2022\/02\/Seilgarten-scaled.jpg\" \/>\n\t<meta property=\"og:image:width\" content=\"1920\" \/>\n\t<meta property=\"og:image:height\" content=\"2560\" \/>\n\t<meta property=\"og:image:type\" content=\"image\/jpeg\" \/>\n<meta name=\"twitter:card\" content=\"summary_large_image\" \/>\n<meta name=\"twitter:label1\" content=\"Gesch\u00e4tzte Lesezeit\" \/>\n\t<meta name=\"twitter:data1\" content=\"5\u00a0Minuten\" \/>\n<script type=\"application\/ld+json\" class=\"yoast-schema-graph\">{\"@context\":\"https:\/\/schema.org\",\"@graph\":[{\"@type\":\"Article\",\"@id\":\"https:\/\/ecole-maternelle.de\/index.php\/unser-konzept\/#article\",\"isPartOf\":{\"@id\":\"https:\/\/ecole-maternelle.de\/index.php\/unser-konzept\/\"},\"author\":{\"name\":\"admin\",\"@id\":\"https:\/\/ecole-maternelle.de\/#\/schema\/person\/51bea563f76e4692ced823a738a1d0d4\"},\"headline\":\"Unser Konzept\",\"datePublished\":\"2022-02-13T11:01:23+00:00\",\"dateModified\":\"2025-09-26T08:27:22+00:00\",\"mainEntityOfPage\":{\"@id\":\"https:\/\/ecole-maternelle.de\/index.php\/unser-konzept\/\"},\"wordCount\":940,\"publisher\":{\"@id\":\"https:\/\/ecole-maternelle.de\/#organization\"},\"inLanguage\":\"de\"},{\"@type\":[\"WebPage\",\"AboutPage\"],\"@id\":\"https:\/\/ecole-maternelle.de\/index.php\/unser-konzept\/\",\"url\":\"https:\/\/ecole-maternelle.de\/index.php\/unser-konzept\/\",\"name\":\"Unser Konzept - Kita &quot;LES LUTINS\u201c - Ecole maternelle in Jena\",\"isPartOf\":{\"@id\":\"https:\/\/ecole-maternelle.de\/#website\"},\"datePublished\":\"2022-02-13T11:01:23+00:00\",\"dateModified\":\"2025-09-26T08:27:22+00:00\",\"description\":\"In der Ecole maternelle wird das sogenannte Sprachfenster der Kinder genutzt, um spielerisch Franz\u00f6sisch zu lernen.\",\"breadcrumb\":{\"@id\":\"https:\/\/ecole-maternelle.de\/index.php\/unser-konzept\/#breadcrumb\"},\"inLanguage\":\"de\",\"potentialAction\":[{\"@type\":\"ReadAction\",\"target\":[\"https:\/\/ecole-maternelle.de\/index.php\/unser-konzept\/\"]}]},{\"@type\":\"BreadcrumbList\",\"@id\":\"https:\/\/ecole-maternelle.de\/index.php\/unser-konzept\/#breadcrumb\",\"itemListElement\":[{\"@type\":\"ListItem\",\"position\":1,\"name\":\"Startseite\",\"item\":\"https:\/\/ecole-maternelle.de\/\"},{\"@type\":\"ListItem\",\"position\":2,\"name\":\"Unser Konzept\"}]},{\"@type\":\"WebSite\",\"@id\":\"https:\/\/ecole-maternelle.de\/#website\",\"url\":\"https:\/\/ecole-maternelle.de\/\",\"name\":\"Kita &quot;LES LUTINS\u201c - Ecole maternelle in Jena\",\"description\":\"Kita &quot;LES LUTINS\u201c - Ecole maternelle in Jena\",\"publisher\":{\"@id\":\"https:\/\/ecole-maternelle.de\/#organization\"},\"potentialAction\":[{\"@type\":\"SearchAction\",\"target\":{\"@type\":\"EntryPoint\",\"urlTemplate\":\"https:\/\/ecole-maternelle.de\/?s={search_term_string}\"},\"query-input\":\"required name=search_term_string\"}],\"inLanguage\":\"de\"},{\"@type\":\"Organization\",\"@id\":\"https:\/\/ecole-maternelle.de\/#organization\",\"name\":\"Kita &quot;LES LUTINS\u201c - Ecole maternelle in Jena\",\"url\":\"https:\/\/ecole-maternelle.de\/\",\"logo\":{\"@type\":\"ImageObject\",\"inLanguage\":\"de\",\"@id\":\"https:\/\/ecole-maternelle.de\/#\/schema\/logo\/image\/\",\"url\":\"https:\/\/ecole-maternelle.de\/wp-content\/uploads\/2022\/02\/cropped-les_lutins_Logo-3.jpg\",\"contentUrl\":\"https:\/\/ecole-maternelle.de\/wp-content\/uploads\/2022\/02\/cropped-les_lutins_Logo-3.jpg\",\"width\":1712,\"height\":1549,\"caption\":\"Kita &quot;LES LUTINS\u201c - Ecole maternelle in Jena\"},\"image\":{\"@id\":\"https:\/\/ecole-maternelle.de\/#\/schema\/logo\/image\/\"}},{\"@type\":\"Person\",\"@id\":\"https:\/\/ecole-maternelle.de\/#\/schema\/person\/51bea563f76e4692ced823a738a1d0d4\",\"name\":\"admin\",\"image\":{\"@type\":\"ImageObject\",\"inLanguage\":\"de\",\"@id\":\"https:\/\/ecole-maternelle.de\/#\/schema\/person\/image\/\",\"url\":\"https:\/\/secure.gravatar.com\/avatar\/c27c7b2a93f9f39573a036bfdef57911b48580ba16acd65fe0c102662a717a6d?s=96&d=mm&r=g\",\"contentUrl\":\"https:\/\/secure.gravatar.com\/avatar\/c27c7b2a93f9f39573a036bfdef57911b48580ba16acd65fe0c102662a717a6d?s=96&d=mm&r=g\",\"caption\":\"admin\"},\"sameAs\":[\"https:\/\/ecole-maternelle.de\"],\"url\":\"https:\/\/ecole-maternelle.de\/index.php\/author\/info_lz69gz74\/\"}]}<\/script>\n<!-- \/ Yoast SEO plugin. -->","yoast_head_json":{"title":"Unser Konzept - Kita &quot;LES LUTINS\u201c - Ecole maternelle in Jena","description":"In der Ecole maternelle wird das sogenannte Sprachfenster der Kinder genutzt, um spielerisch Franz\u00f6sisch zu lernen.","robots":{"index":"index","follow":"follow","max-snippet":"max-snippet:-1","max-image-preview":"max-image-preview:large","max-video-preview":"max-video-preview:-1"},"canonical":"https:\/\/ecole-maternelle.de\/index.php\/unser-konzept\/","og_locale":"de_DE","og_type":"article","og_title":"Unser Konzept - Kita &quot;LES LUTINS\u201c - Ecole maternelle in Jena","og_description":"In der Ecole maternelle wird das sogenannte Sprachfenster der Kinder genutzt, um spielerisch Franz\u00f6sisch zu lernen.","og_url":"https:\/\/ecole-maternelle.de\/index.php\/unser-konzept\/","og_site_name":"Kita &quot;LES LUTINS\u201c - Ecole maternelle in Jena","article_modified_time":"2025-09-26T08:27:22+00:00","og_image":[{"width":1920,"height":2560,"url":"https:\/\/ecole-maternelle.de\/wp-content\/uploads\/2022\/02\/Seilgarten-scaled.jpg","type":"image\/jpeg"}],"twitter_card":"summary_large_image","twitter_misc":{"Gesch\u00e4tzte Lesezeit":"5\u00a0Minuten"},"schema":{"@context":"https:\/\/schema.org","@graph":[{"@type":"Article","@id":"https:\/\/ecole-maternelle.de\/index.php\/unser-konzept\/#article","isPartOf":{"@id":"https:\/\/ecole-maternelle.de\/index.php\/unser-konzept\/"},"author":{"name":"admin","@id":"https:\/\/ecole-maternelle.de\/#\/schema\/person\/51bea563f76e4692ced823a738a1d0d4"},"headline":"Unser Konzept","datePublished":"2022-02-13T11:01:23+00:00","dateModified":"2025-09-26T08:27:22+00:00","mainEntityOfPage":{"@id":"https:\/\/ecole-maternelle.de\/index.php\/unser-konzept\/"},"wordCount":940,"publisher":{"@id":"https:\/\/ecole-maternelle.de\/#organization"},"inLanguage":"de"},{"@type":["WebPage","AboutPage"],"@id":"https:\/\/ecole-maternelle.de\/index.php\/unser-konzept\/","url":"https:\/\/ecole-maternelle.de\/index.php\/unser-konzept\/","name":"Unser Konzept - Kita &quot;LES LUTINS\u201c - Ecole maternelle in Jena","isPartOf":{"@id":"https:\/\/ecole-maternelle.de\/#website"},"datePublished":"2022-02-13T11:01:23+00:00","dateModified":"2025-09-26T08:27:22+00:00","description":"In der Ecole maternelle wird das sogenannte Sprachfenster der Kinder genutzt, um spielerisch Franz\u00f6sisch zu lernen.","breadcrumb":{"@id":"https:\/\/ecole-maternelle.de\/index.php\/unser-konzept\/#breadcrumb"},"inLanguage":"de","potentialAction":[{"@type":"ReadAction","target":["https:\/\/ecole-maternelle.de\/index.php\/unser-konzept\/"]}]},{"@type":"BreadcrumbList","@id":"https:\/\/ecole-maternelle.de\/index.php\/unser-konzept\/#breadcrumb","itemListElement":[{"@type":"ListItem","position":1,"name":"Startseite","item":"https:\/\/ecole-maternelle.de\/"},{"@type":"ListItem","position":2,"name":"Unser Konzept"}]},{"@type":"WebSite","@id":"https:\/\/ecole-maternelle.de\/#website","url":"https:\/\/ecole-maternelle.de\/","name":"Kita &quot;LES LUTINS\u201c - Ecole maternelle in Jena","description":"Kita &quot;LES LUTINS\u201c - Ecole maternelle in Jena","publisher":{"@id":"https:\/\/ecole-maternelle.de\/#organization"},"potentialAction":[{"@type":"SearchAction","target":{"@type":"EntryPoint","urlTemplate":"https:\/\/ecole-maternelle.de\/?s={search_term_string}"},"query-input":"required name=search_term_string"}],"inLanguage":"de"},{"@type":"Organization","@id":"https:\/\/ecole-maternelle.de\/#organization","name":"Kita &quot;LES LUTINS\u201c - Ecole maternelle in Jena","url":"https:\/\/ecole-maternelle.de\/","logo":{"@type":"ImageObject","inLanguage":"de","@id":"https:\/\/ecole-maternelle.de\/#\/schema\/logo\/image\/","url":"https:\/\/ecole-maternelle.de\/wp-content\/uploads\/2022\/02\/cropped-les_lutins_Logo-3.jpg","contentUrl":"https:\/\/ecole-maternelle.de\/wp-content\/uploads\/2022\/02\/cropped-les_lutins_Logo-3.jpg","width":1712,"height":1549,"caption":"Kita &quot;LES LUTINS\u201c - Ecole maternelle in Jena"},"image":{"@id":"https:\/\/ecole-maternelle.de\/#\/schema\/logo\/image\/"}},{"@type":"Person","@id":"https:\/\/ecole-maternelle.de\/#\/schema\/person\/51bea563f76e4692ced823a738a1d0d4","name":"admin","image":{"@type":"ImageObject","inLanguage":"de","@id":"https:\/\/ecole-maternelle.de\/#\/schema\/person\/image\/","url":"https:\/\/secure.gravatar.com\/avatar\/c27c7b2a93f9f39573a036bfdef57911b48580ba16acd65fe0c102662a717a6d?s=96&d=mm&r=g","contentUrl":"https:\/\/secure.gravatar.com\/avatar\/c27c7b2a93f9f39573a036bfdef57911b48580ba16acd65fe0c102662a717a6d?s=96&d=mm&r=g","caption":"admin"},"sameAs":["https:\/\/ecole-maternelle.de"],"url":"https:\/\/ecole-maternelle.de\/index.php\/author\/info_lz69gz74\/"}]}},"_links":{"self":[{"href":"https:\/\/ecole-maternelle.de\/index.php\/wp-json\/wp\/v2\/pages\/29","targetHints":{"allow":["GET"]}}],"collection":[{"href":"https:\/\/ecole-maternelle.de\/index.php\/wp-json\/wp\/v2\/pages"}],"about":[{"href":"https:\/\/ecole-maternelle.de\/index.php\/wp-json\/wp\/v2\/types\/page"}],"author":[{"embeddable":true,"href":"https:\/\/ecole-maternelle.de\/index.php\/wp-json\/wp\/v2\/users\/1"}],"replies":[{"embeddable":true,"href":"https:\/\/ecole-maternelle.de\/index.php\/wp-json\/wp\/v2\/comments?post=29"}],"version-history":[{"count":27,"href":"https:\/\/ecole-maternelle.de\/index.php\/wp-json\/wp\/v2\/pages\/29\/revisions"}],"predecessor-version":[{"id":662,"href":"https:\/\/ecole-maternelle.de\/index.php\/wp-json\/wp\/v2\/pages\/29\/revisions\/662"}],"wp:featuredmedia":[{"embeddable":true,"href":"https:\/\/ecole-maternelle.de\/index.php\/wp-json\/wp\/v2\/media\/102"}],"wp:attachment":[{"href":"https:\/\/ecole-maternelle.de\/index.php\/wp-json\/wp\/v2\/media?parent=29"}],"curies":[{"name":"wp","href":"https:\/\/api.w.org\/{rel}","templated":true}]}}